{"id":442,"date":"2015-11-14T18:57:20","date_gmt":"2015-11-14T20:57:20","guid":{"rendered":"http:\/\/www.engefono.com.br\/?page_id=442"},"modified":"2015-11-14T18:57:20","modified_gmt":"2015-11-14T20:57:20","slug":"placa-de-som-usb","status":"publish","type":"page","link":"https:\/\/www.engefono.com.br\/?page_id=442","title":{"rendered":"Placa de Som USB"},"content":{"rendered":"<p>Veja abaixo um v\u00eddeo demonstrando o uso da placa de som USB em um notebook com apenas uma entrada de som:<\/p>\n<p><iframe loading=\"lazy\" title=\"Guia para uso da placa de som USB\" width=\"500\" height=\"281\" src=\"https:\/\/www.youtube.com\/embed\/VKOVCeslb-M?feature=oembed\" frameborder=\"0\" allow=\"accelerometer; autoplay; clipboard-write; encrypted-media; gyroscope; picture-in-picture; web-share\" referrerpolicy=\"strict-origin-when-cross-origin\" allowfullscreen><\/iframe><\/p>\n<p>Em alguns casos, obter o\u00a0adaptador correto para o Notebook ou Computador sugerido pelo fabricante do dispositivo \u00e9 dif\u00edcil ou muito caro.<\/p>\n<p>Assim, uma op\u00e7\u00e3o barata e de f\u00e1cil aquisi\u00e7\u00e3o \u00e9 utiliza uma placa de som USB.<\/p>\n<figure id=\"attachment_299\" aria-describedby=\"caption-attachment-299\" style=\"width: 357px\" class=\"wp-caption alignnone\"><a href=\"https:\/\/www.engefono.com.br\/wp-content\/uploads\/2015\/08\/PlacaSomUSB.jpg\"><img loading=\"lazy\" decoding=\"async\" class=\"wp-image-299 size-full\" src=\"https:\/\/www.engefono.com.br\/wp-content\/uploads\/2015\/08\/PlacaSomUSB.jpg\" alt=\"Placa de Som USB\" width=\"357\" height=\"318\" \/><\/a><figcaption id=\"caption-attachment-299\" class=\"wp-caption-text\">Um dos modelos de placa de som USB dispon\u00edvel no mercado brasileiro. Facilmente encontradas em lojas de inform\u00e1tica e galerias.<\/figcaption><\/figure>\n<p>Uma dica importante antes de adquirir uma placa\u00a0de som USB \u00e9 verificar seu funcionamento durante a compra. Para isso leve seu notebook com o Doppler para a loja onde ser\u00e1 comprada a placa, verifique seu funcionamento com o atendente do balc\u00e3o.<\/p>\n<p><strong>Aten\u00e7\u00e3o: Esta op\u00e7\u00e3o n\u00e3o funciona em alguns Tablets Windows devido a falta de entradas USB no dispositivo.<\/strong><\/p>\n<p>&nbsp;<\/p>\n<p>&nbsp;<\/p>\n","protected":false},"excerpt":{"rendered":"<p>Veja abaixo um v\u00eddeo demonstrando o uso da placa de som USB em um notebook com apenas uma entrada de som: Em alguns casos, obter o\u00a0adaptador correto para o Notebook ou Computador sugerido pelo fabricante do dispositivo \u00e9 dif\u00edcil ou muito caro. Assim, uma op\u00e7\u00e3o barata e de f\u00e1cil aquisi\u00e7\u00e3o \u00e9 utiliza uma placa de [&hellip;]<\/p>\n","protected":false},"author":1,"featured_media":0,"parent":295,"menu_order":0,"comment_status":"closed","ping_status":"closed","template":"","meta":{"footnotes":""},"class_list":["post-442","page","type-page","status-publish","hentry"],"_links":{"self":[{"href":"https:\/\/www.engefono.com.br\/index.php?rest_route=\/wp\/v2\/pages\/442","targetHints":{"allow":["GET"]}}],"collection":[{"href":"https:\/\/www.engefono.com.br\/index.php?rest_route=\/wp\/v2\/pages"}],"about":[{"href":"https:\/\/www.engefono.com.br\/index.php?rest_route=\/wp\/v2\/types\/page"}],"author":[{"embeddable":true,"href":"https:\/\/www.engefono.com.br\/index.php?rest_route=\/wp\/v2\/users\/1"}],"replies":[{"embeddable":true,"href":"https:\/\/www.engefono.com.br\/index.php?rest_route=%2Fwp%2Fv2%2Fcomments&post=442"}],"version-history":[{"count":0,"href":"https:\/\/www.engefono.com.br\/index.php?rest_route=\/wp\/v2\/pages\/442\/revisions"}],"up":[{"embeddable":true,"href":"https:\/\/www.engefono.com.br\/index.php?rest_route=\/wp\/v2\/pages\/295"}],"wp:attachment":[{"href":"https:\/\/www.engefono.com.br\/index.php?rest_route=%2Fwp%2Fv2%2Fmedia&parent=442"}],"curies":[{"name":"wp","href":"https:\/\/api.w.org\/{rel}","templated":true}]}}