{"id":409,"date":"2015-11-14T17:19:22","date_gmt":"2015-11-14T19:19:22","guid":{"rendered":"http:\/\/www.engefono.com.br\/?page_id=409"},"modified":"2015-11-14T17:19:22","modified_gmt":"2015-11-14T19:19:22","slug":"configuracoes-na-placa-de-som","status":"publish","type":"page","link":"https:\/\/www.engefono.com.br\/?page_id=409","title":{"rendered":"Configura\u00e7\u00f5es na Placa de Som"},"content":{"rendered":"<p>Esta p\u00e1gina descrever\u00e1 em passos como acessar e alterar\u00a0as configura\u00e7\u00f5es de placa de som do computador, Tablet Windows ou notebook.<\/p>\n<p>Problemas relacionados a grava\u00e7\u00e3o de som ambiente ou mesmo\u00a0n\u00e3o obter grava\u00e7\u00e3o alguma.<\/p>\n<p>Sugerimos\u00a0que, mesmo seguindo estes passos o <a href=\"#NaoSolucionado\">problema n\u00e3o for solucionado<\/a>, procure o suporte t\u00e9cnico do fabricante do dispositivo (Dell, HP, Asus, Lenovo) devido a possibilidade de ser uma falha de hardware ou driver da placa de som.<\/p>\n<h2>Acessando a Janela de Configura\u00e7\u00f5es de Som do Windows<\/h2>\n<p>Para acessar a janela de configura\u00e7\u00f5es de som do Windows, pressione o bot\u00e3o DIREITO do mouse sobre o \u00edcone de \u00e1udio, pr\u00f3ximo ao rel\u00f3gio (canto inferior direito).<\/p>\n<figure id=\"attachment_419\" aria-describedby=\"caption-attachment-419\" style=\"width: 463px\" class=\"wp-caption alignnone\"><a href=\"https:\/\/www.engefono.com.br\/wp-content\/uploads\/2015\/11\/AcessoSomGravacao.jpg\"><img loading=\"lazy\" decoding=\"async\" class=\"wp-image-419 size-full\" src=\"https:\/\/www.engefono.com.br\/wp-content\/uploads\/2015\/11\/AcessoSomGravacao.jpg\" alt=\"AcessoSomGravacao\" width=\"463\" height=\"427\" \/><\/a><figcaption id=\"caption-attachment-419\" class=\"wp-caption-text\">Acessando janela de Som do Windows diretamente.<\/figcaption><\/figure>\n<p>Selecione a op\u00e7\u00e3o grava\u00e7\u00e3o do menu exibido.<\/p>\n<figure id=\"attachment_420\" aria-describedby=\"caption-attachment-420\" style=\"width: 374px\" class=\"wp-caption alignnone\"><a href=\"https:\/\/www.engefono.com.br\/wp-content\/uploads\/2015\/11\/OpcaoGravacao.jpg\"><img loading=\"lazy\" decoding=\"async\" class=\"wp-image-420 size-full\" src=\"https:\/\/www.engefono.com.br\/wp-content\/uploads\/2015\/11\/OpcaoGravacao.jpg\" alt=\"OpcaoGravacao\" width=\"374\" height=\"308\" \/><\/a><figcaption id=\"caption-attachment-420\" class=\"wp-caption-text\">Selecionando as entradas de grava\u00e7\u00e3o de som.<\/figcaption><\/figure>\n<p>A janela de grava\u00e7\u00e3o de som ser\u00e1 apresentada. Nela s\u00e3o encontrados todas as entradas de som funcionais. No canto de cada entrada existe um n\u00edvel\u00a0de volume. Esse n\u00edvel ajudar\u00e1 a identificar qual entrada \u00e9 o microfone do notebook\/tablet\/computador e qual \u00e9 a entrada externa do Doppler.<\/p>\n<figure id=\"attachment_421\" aria-describedby=\"caption-attachment-421\" style=\"width: 604px\" class=\"wp-caption alignnone\"><a href=\"https:\/\/www.engefono.com.br\/wp-content\/uploads\/2015\/11\/GravacaoNiveis.jpg\"><img loading=\"lazy\" decoding=\"async\" class=\"wp-image-421 size-full\" src=\"https:\/\/www.engefono.com.br\/wp-content\/uploads\/2015\/11\/GravacaoNiveis.jpg\" alt=\"GravacaoNiveis\" width=\"604\" height=\"462\" \/><\/a><figcaption id=\"caption-attachment-421\" class=\"wp-caption-text\">Janela de entradas para a\u00a0grava\u00e7\u00e3o de som, os n\u00edveis apresentados permitem identificar se o Doppler encontra-se ligado a alguma delas.<\/figcaption><\/figure>\n<p><strong>\u00a0Aten\u00e7\u00e3o:\u00a0 As imagens e descri\u00e7\u00f5es das entradas de som podem variar conforme modelo ou fabricante do computador. A imagem acima foi obtida de um desktop\u00a0Lenovo.<\/strong><\/p>\n<h2>\u00a0Entradas Ocultas<\/h2>\n<p>As entradas de som desabilitadas ou desativadas, por padr\u00e3o, n\u00e3o s\u00e3o exibidas na janela de grava\u00e7\u00e3o. Desta forma, \u00e9 importante visualiz\u00e1-las caso o Doppler n\u00e3o for encontrado nas entradas de som exibidas na janela de grava\u00e7\u00e3o do Windows inicial.<\/p>\n<p>Para exibir essas entradas, pressione o bot\u00e3o DIREITO do mouse sobre a \u00e1rea branca abaixo das entradas vis\u00edveis da janela de grava\u00e7\u00e3o do Windows, conforme figura.<\/p>\n<figure id=\"attachment_422\" aria-describedby=\"caption-attachment-422\" style=\"width: 437px\" class=\"wp-caption alignnone\"><a href=\"https:\/\/www.engefono.com.br\/wp-content\/uploads\/2015\/11\/ExibeMenuOculto.jpg\"><img loading=\"lazy\" decoding=\"async\" class=\"wp-image-422 size-full\" src=\"https:\/\/www.engefono.com.br\/wp-content\/uploads\/2015\/11\/ExibeMenuOculto.jpg\" alt=\"ExibeMenuOculto\" width=\"437\" height=\"474\" \/><\/a><figcaption id=\"caption-attachment-422\" class=\"wp-caption-text\">Bot\u00e3o direito do mouse exibe menu oculto na janela de grava\u00e7\u00e3o de som do Windows. (os tipos ou imagens dos dispositivos podem variar)<\/figcaption><\/figure>\n<p>Com isso ser\u00e1 exibido um menu oculto. Selecione ambas as op\u00e7\u00f5es desse menu para visualizar os dispositivos desabilitados e desconectados.<\/p>\n<figure id=\"attachment_423\" aria-describedby=\"caption-attachment-423\" style=\"width: 483px\" class=\"wp-caption alignnone\"><a href=\"https:\/\/www.engefono.com.br\/wp-content\/uploads\/2015\/11\/MenuOcultoSom.jpg\"><img loading=\"lazy\" decoding=\"async\" class=\"wp-image-423 size-full\" src=\"https:\/\/www.engefono.com.br\/wp-content\/uploads\/2015\/11\/MenuOcultoSom.jpg\" alt=\"MenuOcultoSom\" width=\"483\" height=\"518\" \/><\/a><figcaption id=\"caption-attachment-423\" class=\"wp-caption-text\">Menu para exibir entradas de som desabilitadas ou desconectadas.<\/figcaption><\/figure>\n<p>(os tipos ou imagens dos dispositivos podem variar)<\/p>\n<p>Assim, novas entradas ser\u00e3o exibidas na janela de grava\u00e7\u00e3o de som. Com a possibilidade de uma delas ser a ligada a entrada externa de som do Doppler.<\/p>\n<figure id=\"attachment_424\" aria-describedby=\"caption-attachment-424\" style=\"width: 437px\" class=\"wp-caption alignnone\"><a href=\"https:\/\/www.engefono.com.br\/wp-content\/uploads\/2015\/11\/EntradaExibida.jpg\"><img loading=\"lazy\" decoding=\"async\" class=\"wp-image-424 size-full\" src=\"https:\/\/www.engefono.com.br\/wp-content\/uploads\/2015\/11\/EntradaExibida.jpg\" alt=\"EntradaExibida\" width=\"437\" height=\"462\" \/><\/a><figcaption id=\"caption-attachment-424\" class=\"wp-caption-text\">Entrada &#8220;Mixagem est\u00e9reo&#8221; de som desabilitada. Em cada computador, o nome dessas entradas pode variar.<\/figcaption><\/figure>\n<p>(os tipos ou imagens dos dispositivos podem variar)<\/p>\n<p>Para ativar ou habilitar esta entrada, pressione o bot\u00e3o DIREITO do mouse sobre o \u00edcone da entrada para acessar o menu de ativa\u00e7\u00e3o.<\/p>\n<figure id=\"attachment_426\" aria-describedby=\"caption-attachment-426\" style=\"width: 434px\" class=\"wp-caption alignnone\"><a href=\"https:\/\/www.engefono.com.br\/wp-content\/uploads\/2015\/11\/HabilitarEntrada.jpg\"><img loading=\"lazy\" decoding=\"async\" class=\"wp-image-426 size-full\" src=\"https:\/\/www.engefono.com.br\/wp-content\/uploads\/2015\/11\/HabilitarEntrada.jpg\" alt=\"HabilitarEntrada\" width=\"434\" height=\"469\" \/><\/a><figcaption id=\"caption-attachment-426\" class=\"wp-caption-text\">Habilitar entrada de som, permitindo o uso para a grava\u00e7\u00e3o pelo programa DeglutiSom.<\/figcaption><\/figure>\n<p>Por fim, verifica-se no DeglutiSom,\u00a0durante a\u00a0grava\u00e7\u00e3o, se esta nova entrada habilitada foi corretamente apresentada, permitindo sua sele\u00e7\u00e3o no programa e grava\u00e7\u00e3o.<\/p>\n<figure id=\"attachment_387\" aria-describedby=\"caption-attachment-387\" style=\"width: 638px\" class=\"wp-caption alignnone\"><a href=\"https:\/\/www.engefono.com.br\/wp-content\/uploads\/2015\/08\/AlterarEntradaDeglutiSom.jpg\"><img loading=\"lazy\" decoding=\"async\" class=\"wp-image-387 size-full\" src=\"https:\/\/www.engefono.com.br\/wp-content\/uploads\/2015\/08\/AlterarEntradaDeglutiSom.jpg\" alt=\"AlterarEntradaDeglutiSom\" width=\"638\" height=\"480\" \/><\/a><figcaption id=\"caption-attachment-387\" class=\"wp-caption-text\">Selecionando nova entrada de som durante a grava\u00e7\u00e3o no DeglutiSom.<\/figcaption><\/figure>\n<p><strong>Aten\u00e7\u00e3o: Os nomes das entradas podem variar conforme modelo ou fabricante do computador.<\/strong><\/p>\n<h1 id=\"NaoSolucionado\">Ainda n\u00e3o consigo gravar o Doppler!<\/h1>\n<p>Em alguns casos, mesmo realizando os passos descritos acima, n\u00e3o \u00e9 identificada a entrada externa de som do computador.<\/p>\n<p>Isso pode ser decorrente a dois problemas:<\/p>\n<h3>Adaptador Incompat\u00edvel para Computador<\/h3>\n<p>No caso das entradas de HeadSet, o adaptador comprado para o Doppler pode n\u00e3o ser\u00a0compat\u00edvel para o computador. J\u00e1 ocorrendo casos o adaptador ser incompat\u00edvel para notebooks do mesmo fabricante.<\/p>\n<p>Consulte o <a href=\"https:\/\/www.engefono.com.br\/?page_id=430\">manual ou a p\u00e1gina de suporte t\u00e9cnico do fabricante<\/a> para obter o modelo do adaptador de som compat\u00edvel para o\u00a0computador, Tablet ou notebook.<\/p>\n<h3>Driver da Placa de Som\u00a0Desatualizado<\/h3>\n<p>Verifique no gerenciador de dispositivos do Windows se o driver da placa de som est\u00e1 funcionando corretamente.<\/p>\n<p>Mantenha sempre os drivers de som atualizados, sempre <a href=\"https:\/\/www.engefono.com.br\/?page_id=430\">consulte a p\u00e1gina de suporte t\u00e9cnico do fabricante<\/a>, pois drivers antigos podem apresentar problemas que ser\u00e3o corrigidos apenas instalando uma nova vers\u00e3o existente no site do fabricante.<\/p>\n<h2>Solu\u00e7\u00e3o Alternativa<\/h2>\n<p>Uso de uma placa de som USB para notebooks e computadores. A maioria dos Tablets n\u00e3o possui entrada USB, apenas sa\u00edda, para ligar esta placa de som.<\/p>\n<p><a href=\"https:\/\/www.engefono.com.br\/?page_id=442\">Veja aqui como utilizar a placa de som USB.<\/a><\/p>\n","protected":false},"excerpt":{"rendered":"<p>Esta p\u00e1gina descrever\u00e1 em passos como acessar e alterar\u00a0as configura\u00e7\u00f5es de placa de som do computador, Tablet Windows ou notebook. Problemas relacionados a grava\u00e7\u00e3o de som ambiente ou mesmo\u00a0n\u00e3o obter grava\u00e7\u00e3o alguma. Sugerimos\u00a0que, mesmo seguindo estes passos o problema n\u00e3o for solucionado, procure o suporte t\u00e9cnico do fabricante do dispositivo (Dell, HP, Asus, Lenovo) devido [&hellip;]<\/p>\n","protected":false},"author":1,"featured_media":0,"parent":295,"menu_order":0,"comment_status":"closed","ping_status":"closed","template":"","meta":{"footnotes":""},"class_list":["post-409","page","type-page","status-publish","hentry"],"_links":{"self":[{"href":"https:\/\/www.engefono.com.br\/index.php?rest_route=\/wp\/v2\/pages\/409","targetHints":{"allow":["GET"]}}],"collection":[{"href":"https:\/\/www.engefono.com.br\/index.php?rest_route=\/wp\/v2\/pages"}],"about":[{"href":"https:\/\/www.engefono.com.br\/index.php?rest_route=\/wp\/v2\/types\/page"}],"author":[{"embeddable":true,"href":"https:\/\/www.engefono.com.br\/index.php?rest_route=\/wp\/v2\/users\/1"}],"replies":[{"embeddable":true,"href":"https:\/\/www.engefono.com.br\/index.php?rest_route=%2Fwp%2Fv2%2Fcomments&post=409"}],"version-history":[{"count":0,"href":"https:\/\/www.engefono.com.br\/index.php?rest_route=\/wp\/v2\/pages\/409\/revisions"}],"up":[{"embeddable":true,"href":"https:\/\/www.engefono.com.br\/index.php?rest_route=\/wp\/v2\/pages\/295"}],"wp:attachment":[{"href":"https:\/\/www.engefono.com.br\/index.php?rest_route=%2Fwp%2Fv2%2Fmedia&parent=409"}],"curies":[{"name":"wp","href":"https:\/\/api.w.org\/{rel}","templated":true}]}}