{"id":401,"date":"2015-11-14T17:02:21","date_gmt":"2015-11-14T19:02:21","guid":{"rendered":"http:\/\/www.engefono.com.br\/?page_id=401"},"modified":"2015-11-14T17:02:21","modified_gmt":"2015-11-14T19:02:21","slug":"instalar-o-doppler","status":"publish","type":"page","link":"https:\/\/www.engefono.com.br\/?page_id=401","title":{"rendered":"Instalar o Doppler"},"content":{"rendered":"<p>Veja um v\u00eddeo completo para a instala\u00e7\u00e3o do Doppler com um tablet Windows:<\/p>\n<p><iframe loading=\"lazy\" src=\"https:\/\/www.youtube.com\/embed\/d34fXE_OoD4\" width=\"560\" height=\"315\" frameborder=\"0\" allowfullscreen=\"allowfullscreen\"><\/iframe><\/p>\n<p>Para a instala\u00e7\u00e3o do Doppler \u00e9 necess\u00e1rio verificar o tipo de entrada de som existe no computador, notebook ou Tablet com Windows.<\/p>\n<figure id=\"attachment_404\" aria-describedby=\"caption-attachment-404\" style=\"width: 404px\" class=\"wp-caption alignnone\"><a href=\"https:\/\/www.engefono.com.br\/wp-content\/uploads\/2015\/11\/EntradaDupla.jpg\"><img loading=\"lazy\" decoding=\"async\" class=\"wp-image-404 size-full\" src=\"https:\/\/www.engefono.com.br\/wp-content\/uploads\/2015\/11\/EntradaDupla.jpg\" alt=\"EntradaDupla\" width=\"404\" height=\"243\" \/><\/a><figcaption id=\"caption-attachment-404\" class=\"wp-caption-text\">Entrada dupla de \u00e1udio &#8211; microfone e headphone &#8211; o Doppler pode ser ligado diretamente no microfone sem adaptador.<\/figcaption><\/figure>\n<p>Os equipamentos (Notebooks, Tablets ou Computadores) que apresentam duas conex\u00f5es de \u00e1udio, uma entrada de microfone \u00a0e uma sa\u00edda de headphone, n\u00e3o necessitam adaptador. O Doppler pode ser ligado diretamente na entrada de microfone.<\/p>\n<figure id=\"attachment_405\" aria-describedby=\"caption-attachment-405\" style=\"width: 341px\" class=\"wp-caption alignnone\"><a href=\"https:\/\/www.engefono.com.br\/wp-content\/uploads\/2015\/11\/EntradaUnica.jpg\"><img loading=\"lazy\" decoding=\"async\" class=\"wp-image-405 size-full\" src=\"https:\/\/www.engefono.com.br\/wp-content\/uploads\/2015\/11\/EntradaUnica.jpg\" alt=\"EntradaUnica\" width=\"341\" height=\"255\" \/><\/a><figcaption id=\"caption-attachment-405\" class=\"wp-caption-text\">Entrada HeadSet &#8211; necessita adaptador P3 para P2 para ligar o Doppler<\/figcaption><\/figure>\n<p>Nos dispositivos de conex\u00e3o HeadSet (microfone e headphone integrados) \u00e9 necess\u00e1rio o uso de um adaptador (mostrado abaixo) para permitir a liga\u00e7\u00e3o do Doppler na entrada de microfone.<\/p>\n<figure id=\"attachment_406\" aria-describedby=\"caption-attachment-406\" style=\"width: 520px\" class=\"wp-caption alignnone\"><a href=\"https:\/\/www.engefono.com.br\/wp-content\/uploads\/2015\/11\/DopplerAdaptador.jpg\"><img loading=\"lazy\" decoding=\"async\" class=\"wp-image-406 size-full\" src=\"https:\/\/www.engefono.com.br\/wp-content\/uploads\/2015\/11\/DopplerAdaptador.jpg\" alt=\"DopplerAdaptador\" width=\"520\" height=\"375\" \/><\/a><figcaption id=\"caption-attachment-406\" class=\"wp-caption-text\">Doppler ligado ao adaptador (entrada de microfone) para entrada HeadSet.<\/figcaption><\/figure>\n<figure id=\"attachment_296\" aria-describedby=\"caption-attachment-296\" style=\"width: 500px\" class=\"wp-caption alignnone\"><a href=\"https:\/\/www.engefono.com.br\/wp-content\/uploads\/2015\/08\/AdaptadorP3_P2.jpg\"><img loading=\"lazy\" decoding=\"async\" class=\"wp-image-296 size-full\" src=\"https:\/\/www.engefono.com.br\/wp-content\/uploads\/2015\/08\/AdaptadorP3_P2.jpg\" alt=\"Macho P3 para 2 sa\u00eddas F\u00eamea P2\" width=\"500\" height=\"395\" \/><\/a><figcaption id=\"caption-attachment-296\" class=\"wp-caption-text\">Disposi\u00e7\u00e3o de entradas do adaptador. A entrada de MIC ser\u00e1 utilizada pelo Doppler.<\/figcaption><\/figure>\n<figure id=\"attachment_490\" aria-describedby=\"caption-attachment-490\" style=\"width: 472px\" class=\"wp-caption alignnone\"><a href=\"https:\/\/www.engefono.com.br\/wp-content\/uploads\/2015\/11\/AdaptadorP3P2.jpg\"><img loading=\"lazy\" decoding=\"async\" class=\"wp-image-490 size-full\" src=\"https:\/\/www.engefono.com.br\/wp-content\/uploads\/2015\/11\/AdaptadorP3P2.jpg\" alt=\"AdaptadorP3P2\" width=\"472\" height=\"472\" \/><\/a><figcaption id=\"caption-attachment-490\" class=\"wp-caption-text\">Disposi\u00e7\u00e3o de entradas de um novo adaptador dispon\u00edvel. A entrada de MIC ser\u00e1 utilizada pelo Doppler.<\/figcaption><\/figure>\n<p>Dependendo do fabricante ou driver da placa de som, \u00e9 criada uma nova inst\u00e2ncia (item) na lista de entradas de som do Windows. Assim, \u00e9 necess\u00e1ria a escolha da entrada desse novo dispositivo na janela de grava\u00e7\u00e3o do DeglutiSom.<\/p>\n<figure id=\"attachment_387\" aria-describedby=\"caption-attachment-387\" style=\"width: 638px\" class=\"wp-caption alignnone\"><a href=\"https:\/\/www.engefono.com.br\/wp-content\/uploads\/2015\/08\/AlterarEntradaDeglutiSom.jpg\"><img loading=\"lazy\" decoding=\"async\" class=\"wp-image-387 size-full\" src=\"https:\/\/www.engefono.com.br\/wp-content\/uploads\/2015\/08\/AlterarEntradaDeglutiSom.jpg\" alt=\"AlterarEntradaDeglutiSom\" width=\"638\" height=\"480\" \/><\/a><figcaption id=\"caption-attachment-387\" class=\"wp-caption-text\">Escolhendo nova entrada na janela de grava\u00e7\u00e3o do DeglutiSom.<\/figcaption><\/figure>\n<p>Se mesmo ap\u00f3s estes passos n\u00e3o obter a grava\u00e7\u00e3o do Doppler, recomendamos a nossa p\u00e1gina de configura\u00e7\u00f5es das placas de som:<\/p>\n<p><a href=\"https:\/\/www.engefono.com.br\/?page_id=409\">Grava\u00e7\u00e3o de Som Ambiente ou Nenhum<\/a><\/p>\n","protected":false},"excerpt":{"rendered":"<p>Veja um v\u00eddeo completo para a instala\u00e7\u00e3o do Doppler com um tablet Windows: Para a instala\u00e7\u00e3o do Doppler \u00e9 necess\u00e1rio verificar o tipo de entrada de som existe no computador, notebook ou Tablet com Windows. Os equipamentos (Notebooks, Tablets ou Computadores) que apresentam duas conex\u00f5es de \u00e1udio, uma entrada de microfone \u00a0e uma sa\u00edda de [&hellip;]<\/p>\n","protected":false},"author":1,"featured_media":0,"parent":295,"menu_order":0,"comment_status":"closed","ping_status":"closed","template":"","meta":{"footnotes":""},"class_list":["post-401","page","type-page","status-publish","hentry"],"_links":{"self":[{"href":"https:\/\/www.engefono.com.br\/index.php?rest_route=\/wp\/v2\/pages\/401","targetHints":{"allow":["GET"]}}],"collection":[{"href":"https:\/\/www.engefono.com.br\/index.php?rest_route=\/wp\/v2\/pages"}],"about":[{"href":"https:\/\/www.engefono.com.br\/index.php?rest_route=\/wp\/v2\/types\/page"}],"author":[{"embeddable":true,"href":"https:\/\/www.engefono.com.br\/index.php?rest_route=\/wp\/v2\/users\/1"}],"replies":[{"embeddable":true,"href":"https:\/\/www.engefono.com.br\/index.php?rest_route=%2Fwp%2Fv2%2Fcomments&post=401"}],"version-history":[{"count":0,"href":"https:\/\/www.engefono.com.br\/index.php?rest_route=\/wp\/v2\/pages\/401\/revisions"}],"up":[{"embeddable":true,"href":"https:\/\/www.engefono.com.br\/index.php?rest_route=\/wp\/v2\/pages\/295"}],"wp:attachment":[{"href":"https:\/\/www.engefono.com.br\/index.php?rest_route=%2Fwp%2Fv2%2Fmedia&parent=401"}],"curies":[{"name":"wp","href":"https:\/\/api.w.org\/{rel}","templated":true}]}}