{"id":31,"date":"2014-10-18T18:41:14","date_gmt":"2014-10-18T21:41:14","guid":{"rendered":"http:\/\/engefono.kinghost.net\/?page_id=31"},"modified":"2022-05-15T17:47:45","modified_gmt":"2022-05-15T20:47:45","slug":"publicacoes","status":"publish","type":"page","link":"https:\/\/www.engefono.com.br\/?page_id=31","title":{"rendered":"Publica\u00e7\u00f5es"},"content":{"rendered":"\n<p>VIEIRA, T. T.; FIGUEIREDO, A. C. G. de; LEMOS, R. G.; PEREIRA, K. de F. P. de O.; ZEIGELBOIM, B. S.; STECHMAN NETO, J.; <strong>SANTOS, R. S.<\/strong> (2022) <a rel=\"noreferrer noopener\" href=\"https:\/\/rsdjournal.org\/index.php\/rsd\/article\/view\/25262\" data-type=\"URL\" data-id=\"https:\/\/rsdjournal.org\/index.php\/rsd\/article\/view\/25262\" target=\"_blank\">Acoustic analysis of swallowing sounds with the use of Sonar Doppler in premature babies during food transition<\/a>. Research, Society and Development.<\/p>\n\n\n\n<p>Silva, G. S., de Figueiredo, A. C. G., Zeigelboim, B. S., de Ara\u00fajo, C. M., Stechmann-Neto, J. &amp; <strong>Santos, R. S.<\/strong> (2021). <a href=\"https:\/\/www.engefono.com.br\/wp-content\/uploads\/2021\/12\/2021-ParkinsonsDisease.pdf\" data-type=\"URL\" data-id=\"https:\/\/www.engefono.com.br\/wp-content\/uploads\/2021\/12\/2021-ParkinsonsDisease.pdf\">Acoustic analysis of swallowing as an auxiliary method for assessing dysphagia in Parkinson&#8217;s Disease<\/a>. <\/p>\n\n\n\n<p>Enz, V. C. Q., Vaz, A. R. C., Nunes, M. C. D. A., Rosa, M. D. O., Nunes, J. D. A., Marques, J. M., &amp; <strong>Santos, R. S. <\/strong>(2021). <a href=\"https:\/\/www.engefono.com.br\/wp-content\/uploads\/2021\/10\/2021-Accuracy.pdf\" data-type=\"URL\" data-id=\"https:\/\/www.engefono.com.br\/wp-content\/uploads\/2021\/10\/2021-Accuracy.pdf\">Accuracy of Acoustic Evaluation of Swallowing as a Diagnostic Method of Dysphagia in Individuals Affected by Stroke: Preliminary Analysis.<\/a>&nbsp;Dysphagia, 1-12.<\/p>\n\n\n\n<p>Lemos, R. G., Vieira, T. T., Pereira, K. D. F. P. D. O., Pereira, A. D. S., Zeigelboim, B. S., &amp; <strong>Santos, R. S.<\/strong> (2020). <a href=\"https:\/\/www.engefono.com.br\/wp-content\/uploads\/2021\/10\/2020-Acoustic.pdf\" data-type=\"URL\" data-id=\"https:\/\/www.engefono.com.br\/wp-content\/uploads\/2021\/10\/2020-Acoustic.pdf\">Acoustic analysis of swallowing sounds in tracheostomized patients affected by traumatic brain injury<\/a>.&nbsp;Revista CEFAC,&nbsp;22.<\/p>\n\n\n\n<p>Taveira, K. V. M., <strong>Santos, R. S.<\/strong>, de Le\u00e3o, B. L. C., Neto, J. S., Pernambuco, L., da Silva, L. K., &#8230; &amp; Porporatti, A. L. (2018).&nbsp;<a href=\"https:\/\/www.engefono.com.br\/wp-content\/uploads\/2018\/02\/Artigo_2018_01.pdf\">Diagnostic validity of methods for assessment of swallowing sounds: a systematic review.<\/a> Brazilian Journal of Otorhinolaryngology.<\/p>\n\n\n\n<p>Madalozzo, B., de Siqueira Aoki, M. C., Soria, F., <strong>Santos, R. S.<\/strong>, &amp; Furkim, A. M. (2017).&nbsp;<a href=\"https:\/\/www.engefono.com.br\/wp-content\/uploads\/2018\/02\/Artigo_2017_05.pdf\"> An\u00e1lise ac\u00fastica do tempo de degluti\u00e7\u00e3o atrav\u00e9s do Sonar Doppler.<\/a> Revista CEFAC, 19(3).<\/p>\n\n\n\n<p>LAGOS, HELLEN ; <strong>SANTOS, ROSANE<\/strong> ; ABDULMASSIH, EDNA ; GALLINEA, LILIANE ; LANGONE, MARIANGELA . <a href=\"https:\/\/www.engefono.com.br\/wp-content\/uploads\/2014\/10\/Artigo_2013_2.pdf\">Characterization of Swallowing Sounds with the Use of Sonar Doppler in Full-Term and Preterm Newborns<\/a>. International Archives of Otorhinolaryngology , v. 17, p. 383-386, 2013.<\/p>\n\n\n\n<p>ABDULMASSIH, E.M.S ; TEIVE, H.A.G. ; <strong>Santos, R.S. <\/strong>. <a href=\"https:\/\/www.engefono.com.br\/wp-content\/uploads\/2014\/10\/Artigo_2013_1.pdf\">The evaluation of swallowing in patients with spinocerebellar ataxia and oropharyngeal dysphagia: A comparison study of videofluoroscopic and sonar doppler.<\/a> International Archives of Otorhinolaryngology, v. 17, p. 66-73, 2013.<\/p>\n\n\n\n<p>Cagliari, Cibele Fontoura ; Jurkiewicz, Ari Leon ; <strong>SANTOS, Rosane Sampaio<\/strong> ; Marques, Jair Mendes . <a href=\"https:\/\/www.engefono.com.br\/wp-content\/uploads\/2014\/10\/Artigo_2009.pdf\">Doppler sonar analysis of swallowing sounds in normal pediatric individuals<\/a>. Brazilian Journal of Otorhinolaryngology, v. 75, p. 1808-8694-1820, 2009.<\/p>\n\n\n\n<p><strong>SANTOS, Rosane Sampaio<\/strong> ; Macedo, E . <a href=\"https:\/\/www.engefono.com.br\/wp-content\/uploads\/2014\/10\/Artigo_2006.pdf\">SONAR DOPPLER COMO INSTRUMENTO DE AVALIA\u00c7\u00c3O DA DEGLUTI\u00c7\u00c3O<\/a>. Arquivos Internacionais de Otorrinolaringologia, v. 10, p. 10-20, 2006.<\/p>\n","protected":false},"excerpt":{"rendered":"<p>VIEIRA, T. T.; FIGUEIREDO, A. C. G. de; LEMOS, R. G.; PEREIRA, K. de F. P. de O.; ZEIGELBOIM, B. S.; STECHMAN NETO, J.; SANTOS, R. S. (2022) Acoustic analysis of swallowing sounds with the use of Sonar Doppler in premature babies during food transition. Research, Society and Development. Silva, G. S., de Figueiredo, A. [&hellip;]<\/p>\n","protected":false},"author":1,"featured_media":0,"parent":0,"menu_order":0,"comment_status":"closed","ping_status":"closed","template":"","meta":{"footnotes":""},"class_list":["post-31","page","type-page","status-publish","hentry"],"_links":{"self":[{"href":"https:\/\/www.engefono.com.br\/index.php?rest_route=\/wp\/v2\/pages\/31","targetHints":{"allow":["GET"]}}],"collection":[{"href":"https:\/\/www.engefono.com.br\/index.php?rest_route=\/wp\/v2\/pages"}],"about":[{"href":"https:\/\/www.engefono.com.br\/index.php?rest_route=\/wp\/v2\/types\/page"}],"author":[{"embeddable":true,"href":"https:\/\/www.engefono.com.br\/index.php?rest_route=\/wp\/v2\/users\/1"}],"replies":[{"embeddable":true,"href":"https:\/\/www.engefono.com.br\/index.php?rest_route=%2Fwp%2Fv2%2Fcomments&post=31"}],"version-history":[{"count":11,"href":"https:\/\/www.engefono.com.br\/index.php?rest_route=\/wp\/v2\/pages\/31\/revisions"}],"predecessor-version":[{"id":1307,"href":"https:\/\/www.engefono.com.br\/index.php?rest_route=\/wp\/v2\/pages\/31\/revisions\/1307"}],"wp:attachment":[{"href":"https:\/\/www.engefono.com.br\/index.php?rest_route=%2Fwp%2Fv2%2Fmedia&parent=31"}],"curies":[{"name":"wp","href":"https:\/\/api.w.org\/{rel}","templated":true}]}}