{"id":295,"date":"2015-08-04T23:17:53","date_gmt":"2015-08-05T02:17:53","guid":{"rendered":"http:\/\/www.engefono.com.br\/?page_id=295"},"modified":"2015-08-04T23:17:53","modified_gmt":"2015-08-05T02:17:53","slug":"suporte-2","status":"publish","type":"page","link":"https:\/\/www.engefono.com.br\/?page_id=295","title":{"rendered":"Suporte"},"content":{"rendered":"<h2>D\u00favidas Frequentes<\/h2>\n<ul>\n<li><a href=\"https:\/\/www.engefono.com.br\/?page_id=394\">Requerimentos m\u00ednimos para utilizar o DeglutiSom<\/a>.<\/li>\n<li><a href=\"https:\/\/www.engefono.com.br\/?page_id=397\">DeglutiSom n\u00e3o executa e requer\u00a0atualiza\u00e7\u00e3o<\/a>.<\/li>\n<li><a href=\"https:\/\/www.engefono.com.br\/?page_id=399\">DeglutiSom apresenta tela de abertura mas fecha com erro<\/a>.<\/li>\n<li><a href=\"https:\/\/www.engefono.com.br\/?page_id=401\">Instalar o Doppler no notebook, tablet com Windows ou computador<\/a>.<\/li>\n<li><a href=\"https:\/\/www.engefono.com.br\/?page_id=409\">DeglutiSom grava apenas som ambiente<\/a>.<\/li>\n<li><a href=\"https:\/\/www.engefono.com.br\/?page_id=409\">N\u00e3o consigo realizar nenhuma grava\u00e7\u00e3o<\/a>.<\/li>\n<li><a href=\"https:\/\/www.engefono.com.br\/?page_id=442\">Placa de Som USB<\/a><\/li>\n<li><a href=\"https:\/\/www.engefono.com.br\/?page_id=412\">Distor\u00e7\u00e3o na grava\u00e7\u00e3o do Doppler<\/a>.<\/li>\n<li><a href=\"https:\/\/www.engefono.com.br\/?page_id=430\">Suporte t\u00e9cnico\u00a0para problemas de hardware<\/a>.<\/li>\n<\/ul>\n<p>Outros problemas\u00a0e d\u00favidas entre em contato com:\u00a0<a href=\"mailto:suporte@engefono.com.br\">suporte@engefono.com.br<\/a><\/p>\n<p>&nbsp;<\/p>\n","protected":false},"excerpt":{"rendered":"<p>D\u00favidas Frequentes Requerimentos m\u00ednimos para utilizar o DeglutiSom. DeglutiSom n\u00e3o executa e requer\u00a0atualiza\u00e7\u00e3o. DeglutiSom apresenta tela de abertura mas fecha com erro. Instalar o Doppler no notebook, tablet com Windows ou computador. DeglutiSom grava apenas som ambiente. N\u00e3o consigo realizar nenhuma grava\u00e7\u00e3o. Placa de Som USB Distor\u00e7\u00e3o na grava\u00e7\u00e3o do Doppler. Suporte t\u00e9cnico\u00a0para problemas de [&hellip;]<\/p>\n","protected":false},"author":1,"featured_media":0,"parent":0,"menu_order":0,"comment_status":"closed","ping_status":"closed","template":"","meta":{"footnotes":""},"class_list":["post-295","page","type-page","status-publish","hentry"],"_links":{"self":[{"href":"https:\/\/www.engefono.com.br\/index.php?rest_route=\/wp\/v2\/pages\/295","targetHints":{"allow":["GET"]}}],"collection":[{"href":"https:\/\/www.engefono.com.br\/index.php?rest_route=\/wp\/v2\/pages"}],"about":[{"href":"https:\/\/www.engefono.com.br\/index.php?rest_route=\/wp\/v2\/types\/page"}],"author":[{"embeddable":true,"href":"https:\/\/www.engefono.com.br\/index.php?rest_route=\/wp\/v2\/users\/1"}],"replies":[{"embeddable":true,"href":"https:\/\/www.engefono.com.br\/index.php?rest_route=%2Fwp%2Fv2%2Fcomments&post=295"}],"version-history":[{"count":0,"href":"https:\/\/www.engefono.com.br\/index.php?rest_route=\/wp\/v2\/pages\/295\/revisions"}],"wp:attachment":[{"href":"https:\/\/www.engefono.com.br\/index.php?rest_route=%2Fwp%2Fv2%2Fmedia&parent=295"}],"curies":[{"name":"wp","href":"https:\/\/api.w.org\/{rel}","templated":true}]}}