{"id":27,"date":"2014-10-18T18:40:00","date_gmt":"2014-10-18T21:40:00","guid":{"rendered":"http:\/\/engefono.kinghost.net\/?page_id=27"},"modified":"2021-08-26T09:56:03","modified_gmt":"2021-08-26T12:56:03","slug":"software","status":"publish","type":"page","link":"https:\/\/www.engefono.com.br\/?page_id=27","title":{"rendered":"Software"},"content":{"rendered":"<h3><strong>DeglutiSom<\/strong><\/h3>\n<p>Software de an\u00e1lise de sons da degluti\u00e7\u00e3o.<br \/>\nO Software DeglutiSom \u00e9 um software gratuito de uso restrito, o qual \u00e9 disponibilizado atrav\u00e9s da participa\u00e7\u00e3o no treinamento de An\u00e1lise de Sons da Degluti\u00e7\u00e3o. <a title=\"Treinamentos\" href=\"https:\/\/www.engefono.com.br\/?page_id=29\">Ver mais.<\/a><\/p>\n<figure id=\"attachment_219\" aria-describedby=\"caption-attachment-219\" style=\"width: 955px\" class=\"wp-caption alignnone\"><a href=\"https:\/\/www.engefono.com.br\/wp-content\/uploads\/2015\/07\/DeglutiSom_Doppler_Exemplo.jpg\"><img loading=\"lazy\" decoding=\"async\" class=\"wp-image-219 size-large\" src=\"https:\/\/www.engefono.com.br\/wp-content\/uploads\/2015\/07\/DeglutiSom_Doppler_Exemplo-1024x947.jpg\" alt=\"DeglutiSom e Doppler\" width=\"955\" height=\"883\" \/><\/a><figcaption id=\"caption-attachment-219\" class=\"wp-caption-text\">Programa DeglutiSom e Doppler<\/figcaption><\/figure>\n<p>Requerimentos m\u00ednimos:<\/p>\n<ul>\n<li>Sistema Operacional: Microsoft Windows Vista, Windows \u00a07, Windows \u00a08, Windows 8.1 ou Windows 10 nas vers\u00f5es 32 ou 64 bits.<\/li>\n<li>Mem\u00f3ria RAM: 2\u00a0GBytes devido a grava\u00e7\u00e3o de som.<\/li>\n<li>Disco r\u00edgido (HD): 600 MBytes.<\/li>\n<li>L\u00ednguas: Portugu\u00eas, Ingl\u00eas e Espanhol.<\/li>\n<\/ul>\n<p>As vers\u00f5es Android e iOS ainda n\u00e3o est\u00e3o dispon\u00edveis.<\/p>\n<p>O Software DeglutiSom est\u00e1 registrado no INPI.<\/p>\n<p>D\u00favidas no uso do DeglutiSom: <a href=\"https:\/\/www.engefono.com.br\/?page_id=295\">utilize nossa p\u00e1gina de suporte<\/a>.<\/p>\n<p><strong>O DeglutiSom ainda n\u00e3o \u00e9 suportado por iOS, Mac, Linux e Windows Phone.<\/strong><\/p>\n","protected":false},"excerpt":{"rendered":"<p>DeglutiSom Software de an\u00e1lise de sons da degluti\u00e7\u00e3o. O Software DeglutiSom \u00e9 um software gratuito de uso restrito, o qual \u00e9 disponibilizado atrav\u00e9s da participa\u00e7\u00e3o no treinamento de An\u00e1lise de Sons da Degluti\u00e7\u00e3o. Ver mais. Requerimentos m\u00ednimos: Sistema Operacional: Microsoft Windows Vista, Windows \u00a07, Windows \u00a08, Windows 8.1 ou Windows 10 nas vers\u00f5es 32 ou [&hellip;]<\/p>\n","protected":false},"author":1,"featured_media":0,"parent":0,"menu_order":0,"comment_status":"closed","ping_status":"closed","template":"","meta":{"footnotes":""},"class_list":["post-27","page","type-page","status-publish","hentry"],"_links":{"self":[{"href":"https:\/\/www.engefono.com.br\/index.php?rest_route=\/wp\/v2\/pages\/27","targetHints":{"allow":["GET"]}}],"collection":[{"href":"https:\/\/www.engefono.com.br\/index.php?rest_route=\/wp\/v2\/pages"}],"about":[{"href":"https:\/\/www.engefono.com.br\/index.php?rest_route=\/wp\/v2\/types\/page"}],"author":[{"embeddable":true,"href":"https:\/\/www.engefono.com.br\/index.php?rest_route=\/wp\/v2\/users\/1"}],"replies":[{"embeddable":true,"href":"https:\/\/www.engefono.com.br\/index.php?rest_route=%2Fwp%2Fv2%2Fcomments&post=27"}],"version-history":[{"count":1,"href":"https:\/\/www.engefono.com.br\/index.php?rest_route=\/wp\/v2\/pages\/27\/revisions"}],"predecessor-version":[{"id":1257,"href":"https:\/\/www.engefono.com.br\/index.php?rest_route=\/wp\/v2\/pages\/27\/revisions\/1257"}],"wp:attachment":[{"href":"https:\/\/www.engefono.com.br\/index.php?rest_route=%2Fwp%2Fv2%2Fmedia&parent=27"}],"curies":[{"name":"wp","href":"https:\/\/api.w.org\/{rel}","templated":true}]}}