{"id":1069,"date":"2018-06-09T12:41:59","date_gmt":"2018-06-09T15:41:59","guid":{"rendered":"http:\/\/www.engefono.com.br\/?page_id=1069"},"modified":"2021-06-07T19:30:53","modified_gmt":"2021-06-07T22:30:53","slug":"termos-de-uso-e-privacidade","status":"publish","type":"page","link":"https:\/\/www.engefono.com.br\/?page_id=1069","title":{"rendered":"Termos de Uso e Privacidade"},"content":{"rendered":"<h2>V\u00eddeos:<\/h2>\n<p>\u00c9 permitida a distribui\u00e7\u00e3o e a execu\u00e7\u00e3o dos v\u00eddeos do Engefono, desde que na \u00edntegra, sem edi\u00e7\u00f5es adicionais, em salas de aula e apresenta\u00e7\u00f5es particulares.<\/p>\n<h2>Textos:<\/h2>\n<p>A reprodu\u00e7\u00e3o de nossos textos na \u00edntegra \u00e9 permitida desde que a a fonte seja citada junto do material.<\/p>\n<h2>Compromissos da Engefono com os usu\u00e1rios e usu\u00e1rias.<\/h2>\n<h3>Engefono se compromete a:<\/h3>\n<ul>\n<li>N\u00e3o divulgar sem pr\u00e9via autoriza\u00e7\u00e3o, em hip\u00f3tese alguma, o e-mail do usu\u00e1rio que se cadastrar em p\u00e1ginas que requerem preenchimento de dados pessoais &#8211; tais como p\u00e1ginas de Cart\u00f5es Postais,\u00a0F\u00f3rum, Amigos Virtuais, Lista P\u00fablica de E-mail e outros servi\u00e7os;<\/li>\n<li>N\u00e3o revelar sem pr\u00e9via autoriza\u00e7\u00e3o, em hip\u00f3tese alguma, o e-mail do usu\u00e1rio a outras empresas;<\/li>\n<li>N\u00e3o enviar mensagens ao correio eletr\u00f4nico do usu\u00e1rio, sem que o mesmo tenha solicitado;<\/li>\n<li>Possibilitar ao usu\u00e1rio o cancelamento, a qualquer momento, do envio de material informativo por e-mail solicitado anteriormente;<\/li>\n<li>Preservar a identidade do usu\u00e1rio, mantendo sigilo enquanto o mesmo navega nas p\u00e1ginas do site Engefono. Para tal, o usu\u00e1rio deve se comprometer a respeitar as normas de seguran\u00e7a acima, assim como as normas espec\u00edficas de cada servi\u00e7o;<\/li>\n<li><strong>Manter em absoluto sigilo dados pessoais como: nome completo, CPF, telefone fixo, telefone celular, endere\u00e7o, cidade e n\u00famero do cart\u00e3o de cr\u00e9dito (caso fornecido);<\/strong><\/li>\n<li>Utilizar os cookies (informa\u00e7\u00f5es enviadas pelos servidores da Engefono ao computador do usu\u00e1rio, para identific\u00e1-lo) apenas para controle interno de audi\u00eancia e de navega\u00e7\u00e3o e nunca para controlar prefer\u00eancias do usu\u00e1rio, salvo quando este desrespeitar alguma das normas de seguran\u00e7a listadas acima ou espec\u00edficas de cada servi\u00e7o. Voc\u00ea n\u00e3o precisa aceitar os cookies.<\/li>\n<\/ul>\n<h3>Engefono n\u00e3o permitir\u00e1:<\/h3>\n<ul>\n<li>Qualquer uso de nosso conte\u00fado com prop\u00f3sitos ilegais<\/li>\n<li>Transmitir ou divulgar amea\u00e7as, pornografia infantil, material racista ou qualquer outro que viole a legisla\u00e7\u00e3o em vigor no pa\u00eds por meio de nossos mecanismos de redes sociais<\/li>\n<li>Propagar v\u00edrus de computador, programas invasivos (worms) ou outras formas de programas de computador, auto-replicantes ou n\u00e3o, que causem danos permanentes ou tempor\u00e1rios nos equipamentos do destinat\u00e1rio<\/li>\n<li>Destruir ou corromper dados e informa\u00e7\u00f5es de outros usu\u00e1rios<\/li>\n<li>Violar a privacidade de outros usu\u00e1rios<\/li>\n<li>Violar copyright ou direito autoral alheio reproduzindo material sem pr\u00e9via autoriza\u00e7\u00e3o seguran\u00e7a no site Engefono.<\/li>\n<\/ul>\n","protected":false},"excerpt":{"rendered":"<p>V\u00eddeos: \u00c9 permitida a distribui\u00e7\u00e3o e a execu\u00e7\u00e3o dos v\u00eddeos do Engefono, desde que na \u00edntegra, sem edi\u00e7\u00f5es adicionais, em salas de aula e apresenta\u00e7\u00f5es particulares. Textos: A reprodu\u00e7\u00e3o de nossos textos na \u00edntegra \u00e9 permitida desde que a a fonte seja citada junto do material. Compromissos da Engefono com os usu\u00e1rios e usu\u00e1rias. Engefono [&hellip;]<\/p>\n","protected":false},"author":1,"featured_media":0,"parent":0,"menu_order":0,"comment_status":"closed","ping_status":"closed","template":"","meta":{"footnotes":""},"class_list":["post-1069","page","type-page","status-publish","hentry"],"_links":{"self":[{"href":"https:\/\/www.engefono.com.br\/index.php?rest_route=\/wp\/v2\/pages\/1069","targetHints":{"allow":["GET"]}}],"collection":[{"href":"https:\/\/www.engefono.com.br\/index.php?rest_route=\/wp\/v2\/pages"}],"about":[{"href":"https:\/\/www.engefono.com.br\/index.php?rest_route=\/wp\/v2\/types\/page"}],"author":[{"embeddable":true,"href":"https:\/\/www.engefono.com.br\/index.php?rest_route=\/wp\/v2\/users\/1"}],"replies":[{"embeddable":true,"href":"https:\/\/www.engefono.com.br\/index.php?rest_route=%2Fwp%2Fv2%2Fcomments&post=1069"}],"version-history":[{"count":4,"href":"https:\/\/www.engefono.com.br\/index.php?rest_route=\/wp\/v2\/pages\/1069\/revisions"}],"predecessor-version":[{"id":1235,"href":"https:\/\/www.engefono.com.br\/index.php?rest_route=\/wp\/v2\/pages\/1069\/revisions\/1235"}],"wp:attachment":[{"href":"https:\/\/www.engefono.com.br\/index.php?rest_route=%2Fwp%2Fv2%2Fmedia&parent=1069"}],"curies":[{"name":"wp","href":"https:\/\/api.w.org\/{rel}","templated":true}]}}